{"id":1915,"date":"2021-08-05T11:59:41","date_gmt":"2021-08-05T11:59:41","guid":{"rendered":"https:\/\/anviet-group.vn\/?page_id=1915"},"modified":"2021-09-01T07:31:49","modified_gmt":"2021-09-01T07:31:49","slug":"viet-nam-4-0-vang-ngon-joint-stock","status":"publish","type":"page","link":"https:\/\/anviet-group.vn\/en\/our-affiliates\/viet-nam-4-0-vang-ngon-joint-stock","title":{"rendered":"Viet Nam 4.0 Vang Ngon Joint Stock"},"content":{"rendered":"<p><strong>INTRODUCTION<\/strong><\/p>\n<p>With the massive amount of wine on the market today, finding a reputable foreign wine website might be a problem. Viet Nam Vang Ngon 4.0 Joint Stock Company was established on October 28, 2020 as one of the members of An Viet Group, we were very responsive and knew how to satisfy customers when we just introduced the application to help buying alcohol online only with a few taps called \u201cVangngon4.0\u201d. This app allows you to choose and order a wide variety of wines at extremely reasonable prices without having to search and coming to different liquor stores.<\/p>\n<p>&nbsp;<\/p>\n<p><strong>MAIN PRODUCTS OF VANGNGON 4.0<\/strong><\/p>\n<p>Understanding and wishing to meet customers\u2019 needs of enjoying wine at home, Vang ngon always strives to bring a collection of famous wines imported from famous countries in the world: Tinazzi, Francesco Capetta, Feudi Salentini, Vignobles Fomp\u00e9rier (France), Synopsis, 7Colores (Chile),\u2026<\/p>\n<ul>\n<li>Champagne &amp; Sparkling Wines;<\/li>\n<li>Red wine;<\/li>\n<li>White wine;<\/li>\n<li>Sweet Wine;<\/li>\n<\/ul>\n<p><img class=\"aligncenter wp-image-1425 size-full\" src=\"https:\/\/anviet-group.vn\/wp-content\/uploads\/2021\/07\/vang-ngon-2.jpg\" alt=\"\" width=\"1500\" height=\"1125\" srcset=\"https:\/\/anviet-group.vn\/wp-content\/uploads\/2021\/07\/vang-ngon-2.jpg 1500w, https:\/\/anviet-group.vn\/wp-content\/uploads\/2021\/07\/vang-ngon-2-440x330.jpg 440w, https:\/\/anviet-group.vn\/wp-content\/uploads\/2021\/07\/vang-ngon-2-1024x768.jpg 1024w, https:\/\/anviet-group.vn\/wp-content\/uploads\/2021\/07\/vang-ngon-2-150x112.jpg 150w, https:\/\/anviet-group.vn\/wp-content\/uploads\/2021\/07\/vang-ngon-2-768x576.jpg 768w\" sizes=\"(max-width: 1500px) 100vw, 1500px\" \/><\/p>\n<p><strong>ADMINISTRATION 4.0<\/strong><\/p>\n<p>We believe that an effective management process is the foundation for development, bringing financial strength, confidence to investors, customers and efficiency for business operations.<\/p>\n<p><img class=\"aligncenter size-full wp-image-2165\" src=\"https:\/\/anviet-group.vn\/wp-content\/uploads\/2021\/09\/\u0411\u0435\u0437-\u043d\u0430\u0437\u0432\u0430\u043d\u0438\u044f_1.png\" alt=\"\" width=\"3840\" height=\"2160\" srcset=\"https:\/\/anviet-group.vn\/wp-content\/uploads\/2021\/09\/\u0411\u0435\u0437-\u043d\u0430\u0437\u0432\u0430\u043d\u0438\u044f_1.png 3840w, https:\/\/anviet-group.vn\/wp-content\/uploads\/2021\/09\/\u0411\u0435\u0437-\u043d\u0430\u0437\u0432\u0430\u043d\u0438\u044f_1-440x248.png 440w, https:\/\/anviet-group.vn\/wp-content\/uploads\/2021\/09\/\u0411\u0435\u0437-\u043d\u0430\u0437\u0432\u0430\u043d\u0438\u044f_1-1024x576.png 1024w, https:\/\/anviet-group.vn\/wp-content\/uploads\/2021\/09\/\u0411\u0435\u0437-\u043d\u0430\u0437\u0432\u0430\u043d\u0438\u044f_1-768x432.png 768w, https:\/\/anviet-group.vn\/wp-content\/uploads\/2021\/09\/\u0411\u0435\u0437-\u043d\u0430\u0437\u0432\u0430\u043d\u0438\u044f_1-1536x864.png 1536w, https:\/\/anviet-group.vn\/wp-content\/uploads\/2021\/09\/\u0411\u0435\u0437-\u043d\u0430\u0437\u0432\u0430\u043d\u0438\u044f_1-2048x1152.png 2048w\" sizes=\"(max-width: 3840px) 100vw, 3840px\" \/><\/p>\n<p><strong>USING APPLICATION<\/strong><strong> VANGNGON 4.0<\/strong><\/p>\n<ul>\n<li>Download app VangNgon4.0 and register to use<\/li>\n<li>The app is completely free and supports both iOS and Android operating systems.<\/li>\n<\/ul>\n<p><img class=\"aligncenter size-full wp-image-2161\" src=\"https:\/\/anviet-group.vn\/wp-content\/uploads\/2021\/09\/App-e1630466162912.png\" alt=\"\" width=\"3840\" height=\"1833\" srcset=\"https:\/\/anviet-group.vn\/wp-content\/uploads\/2021\/09\/App-e1630466162912.png 3840w, https:\/\/anviet-group.vn\/wp-content\/uploads\/2021\/09\/App-e1630466162912-440x210.png 440w, https:\/\/anviet-group.vn\/wp-content\/uploads\/2021\/09\/App-e1630466162912-1024x489.png 1024w, https:\/\/anviet-group.vn\/wp-content\/uploads\/2021\/09\/App-e1630466162912-768x367.png 768w, https:\/\/anviet-group.vn\/wp-content\/uploads\/2021\/09\/App-e1630466162912-1536x733.png 1536w, https:\/\/anviet-group.vn\/wp-content\/uploads\/2021\/09\/App-e1630466162912-2048x978.png 2048w\" sizes=\"(max-width: 3840px) 100vw, 3840px\" \/><\/p>\n<p><strong>ADVANTAGES OF OUR PRODUCT<\/strong><\/p>\n<ul>\n<li>Guaranteed to sell 100% real wine. If fake alcohol is discovered, customers will be immediately compensated with double the amount of wine they bought;<\/li>\n<li>The product fully meets the business criteria;<\/li>\n<li>The product has full legal documents and clear origin;<\/li>\n<li>You can refer to the review and rating of the wine before deciding;<\/li>\n<li>Competitive prices and special offers;<\/li>\n<li>Easily check the amount of inventory: no need to call or drive to the place where the imported wine is sold to ask for details;<\/li>\n<li>Door \u2013 to \u2013 door delivery service: There is always a door-to-door delivery service available fully free, saving you the effort and cost of moving to the wine shop to buy.<\/li>\n<\/ul>\n<p>&nbsp;<\/p>\n<p><strong>WHY SHOULD CHOOSE GOOD WINES?<\/strong><\/p>\n<ul>\n<li><strong>PRESTIGE &#8211; EXPERIENCE &#8211; PROFESSIONAL:<\/strong> Many years of experience in the field of importing and distributing wine with in-depth product knowledge, committed to bringing customers satisfaction.<\/li>\n<li><strong>LISTED PRICE \u2013 TRUE MARKET PRICE:<\/strong> Product prices are calculated and compared with the market to ensure the benefits of customers and the true value of each excellent wine product.<\/li>\n<li><strong>ENSURED QUALITY &#8211; FREE WINE TRIAL:<\/strong> Customers are free to try wines to choose their favorite wines and can be exchanged or returned if they are not satisfied with the quality of our products and services.<\/li>\n<li><strong>CONSULTANCY \u2013 24\/7 ENTHUSIASTIC SUPPORT:<\/strong> Customers can contact through all channels: Website, Facebook, Zalo, Hotline,\u2026 Vang Ngon4.0 is ready to serve you whenever you have needs.<\/li>\n<\/ul>\n<p>&nbsp;<\/p>\n<p><strong>COOPERATION<\/strong><\/p>\n<ul>\n<li>Reasons why choose Vanggon as a reasonable investment cooperation location:<\/li>\n<li>Potential market: Products with investment properties, long-term use value. Industry growth average 20%\/year.<\/li>\n<li>Professional service: Always dedicated to customers<\/li>\n<li>Prestigious brand<\/li>\n<li>Maximum support: Sustainable development strategy. Partners are supported with Marketing, staff training, customer care services, opening, construction, operation transfer&#8230;<\/li>\n<\/ul>\n<p><img class=\"aligncenter wp-image-2173 size-full\" src=\"https:\/\/anviet-group.vn\/wp-content\/uploads\/2021\/09\/-\u043d\u0430\u0437\u0432\u0430\u043d\u0438\u044f_3-e1630481459370.png\" alt=\"\" width=\"3840\" height=\"1708\" srcset=\"https:\/\/anviet-group.vn\/wp-content\/uploads\/2021\/09\/-\u043d\u0430\u0437\u0432\u0430\u043d\u0438\u044f_3-e1630481459370.png 3840w, https:\/\/anviet-group.vn\/wp-content\/uploads\/2021\/09\/-\u043d\u0430\u0437\u0432\u0430\u043d\u0438\u044f_3-e1630481459370-440x196.png 440w, https:\/\/anviet-group.vn\/wp-content\/uploads\/2021\/09\/-\u043d\u0430\u0437\u0432\u0430\u043d\u0438\u044f_3-e1630481459370-1024x455.png 1024w, https:\/\/anviet-group.vn\/wp-content\/uploads\/2021\/09\/-\u043d\u0430\u0437\u0432\u0430\u043d\u0438\u044f_3-e1630481459370-768x342.png 768w, https:\/\/anviet-group.vn\/wp-content\/uploads\/2021\/09\/-\u043d\u0430\u0437\u0432\u0430\u043d\u0438\u044f_3-e1630481459370-1536x683.png 1536w, https:\/\/anviet-group.vn\/wp-content\/uploads\/2021\/09\/-\u043d\u0430\u0437\u0432\u0430\u043d\u0438\u044f_3-e1630481459370-2048x911.png 2048w\" sizes=\"(max-width: 3840px) 100vw, 3840px\" \/><br \/>\n<img class=\"aligncenter size-full wp-image-2170\" src=\"https:\/\/anviet-group.vn\/wp-content\/uploads\/2021\/09\/\u0411\u0435\u0437-\u043d\u0430\u0437\u0432\u0430\u043d\u0438\u044f.png\" alt=\"\" width=\"3840\" height=\"2160\" srcset=\"https:\/\/anviet-group.vn\/wp-content\/uploads\/2021\/09\/\u0411\u0435\u0437-\u043d\u0430\u0437\u0432\u0430\u043d\u0438\u044f.png 3840w, https:\/\/anviet-group.vn\/wp-content\/uploads\/2021\/09\/\u0411\u0435\u0437-\u043d\u0430\u0437\u0432\u0430\u043d\u0438\u044f-440x248.png 440w, https:\/\/anviet-group.vn\/wp-content\/uploads\/2021\/09\/\u0411\u0435\u0437-\u043d\u0430\u0437\u0432\u0430\u043d\u0438\u044f-1024x576.png 1024w, https:\/\/anviet-group.vn\/wp-content\/uploads\/2021\/09\/\u0411\u0435\u0437-\u043d\u0430\u0437\u0432\u0430\u043d\u0438\u044f-768x432.png 768w, https:\/\/anviet-group.vn\/wp-content\/uploads\/2021\/09\/\u0411\u0435\u0437-\u043d\u0430\u0437\u0432\u0430\u043d\u0438\u044f-1536x864.png 1536w, https:\/\/anviet-group.vn\/wp-content\/uploads\/2021\/09\/\u0411\u0435\u0437-\u043d\u0430\u0437\u0432\u0430\u043d\u0438\u044f-2048x1152.png 2048w\" sizes=\"(max-width: 3840px) 100vw, 3840px\" \/><\/p>\n<p><strong>VISION<\/strong><\/p>\n<p>With the goal of becoming a brand symbol providing top-class wine and gift products in Vietnam, Viet Nam Vang Ngon 4.0 Joint Stock Company is always aware that the Customer is the center of every thought and action, focusing on building different customer service with outstanding quality and striving to improve the quality of life through providing excellent products, ensuring safety and health for the society.<\/p>\n<p>&nbsp;<\/p>\n<p><strong>MISSION<\/strong><\/p>\n<ul>\n<li>With the slogan &#8220;Our Future Is You&#8221;, Vang Ngon4.0 is always aware that people are the center of all thoughts and actions. Performing responsibilities to employees, partners, investors, and the community, increasing social benefits is increasing competitive advantage, creating and developing sustainable businesses.<\/li>\n<li>The human factor plays a key role in the development of Vang Ngon4.0. Create a respectful, fair and loving working environment for employees.<\/li>\n<li>To become the chosen and trusted leading supplier of premium wine and gift products to customers, partners and consumers through a commitment to constantly improve the quality of life from providing quality products, ensuring safety and health for the community.<\/li>\n<li>Cooperate in respect and bring to investors continuously increasing business value.<\/li>\n<\/ul>\n<p>&nbsp;<\/p>\n<p><strong>Registered name:<\/strong> Viet Nam Vang Ngon 4.0 Vietnam Joint Stock Company<\/p>\n<p><strong>Address:<\/strong> No. 67, Lane 3, Giang Vo Street, Giang Vo Ward, Ba Dinh District, Hanoi City<\/p>\n<p><strong>Website:<\/strong> http:\/\/vangngon40.com<\/p>\n","protected":false},"excerpt":{"rendered":"<p>INTRODUCTION With the massive amount of wine on the market today, finding a reputable foreign wine website might be a problem. Viet Nam Vang Ngon 4.0 Joint Stock Company was established on October 28, 2020 as one of the members of An Viet Group, we were very responsive and knew how to satisfy customers when [&hellip;]<\/p>\n","protected":false},"author":1,"featured_media":3259,"parent":1567,"menu_order":9,"comment_status":"closed","ping_status":"closed","template":"templates\/page-competence.php","meta":[],"yoast_head":"<!-- This site is optimized with the Yoast SEO plugin v16.7 - https:\/\/yoast.com\/wordpress\/plugins\/seo\/ -->\n<title>Viet Nam 4.0 Vang Ngon Joint Stock - AnVi\u1ec7tGroup<\/title>\n<meta name=\"description\" content=\"INTRODUCTION With the massive amount of wine on the market today, finding a reputable foreign wine website might be a problem. Viet Nam Vang Ngon 4.0\" \/>\n<meta name=\"robots\" content=\"index, follow, max-snippet:-1, max-image-preview:large, max-video-preview:-1\" \/>\n<link rel=\"canonical\" href=\"https:\/\/anviet-group.vn\/en\/our-affiliates\/viet-nam-4-0-vang-ngon-joint-stock\" \/>\n<meta property=\"og:locale\" content=\"en_US\" \/>\n<meta property=\"og:type\" content=\"article\" \/>\n<meta property=\"og:title\" content=\"Viet Nam 4.0 Vang Ngon Joint Stock - AnVi\u1ec7tGroup\" \/>\n<meta property=\"og:description\" content=\"INTRODUCTION With the massive amount of wine on the market today, finding a reputable foreign wine website might be a problem. Viet Nam Vang Ngon 4.0\" \/>\n<meta property=\"og:url\" content=\"https:\/\/anviet-group.vn\/en\/our-affiliates\/viet-nam-4-0-vang-ngon-joint-stock\" \/>\n<meta property=\"og:site_name\" content=\"AnVi\u1ec7tGroup\" \/>\n<meta property=\"article:publisher\" content=\"https:\/\/www.facebook.com\/anvietgroup2007\" \/>\n<meta property=\"article:modified_time\" content=\"2021-09-01T07:31:49+00:00\" \/>\n<meta property=\"og:image\" content=\"https:\/\/anviet-group.vn\/wp-content\/uploads\/2021\/07\/vang-ngon-1.jpg\" \/>\n\t<meta property=\"og:image:width\" content=\"2560\" \/>\n\t<meta property=\"og:image:height\" content=\"1440\" \/>\n<meta name=\"twitter:card\" content=\"summary_large_image\" \/>\n<meta name=\"twitter:label1\" content=\"Est. reading time\" \/>\n\t<meta name=\"twitter:data1\" content=\"5 minutes\" \/>\n<script type=\"application\/ld+json\" class=\"yoast-schema-graph\">{\"@context\":\"https:\/\/schema.org\",\"@graph\":[{\"@type\":\"Organization\",\"@id\":\"https:\/\/anviet-group.vn\/#organization\",\"name\":\"AnViet Group\",\"url\":\"https:\/\/anviet-group.vn\/\",\"sameAs\":[\"https:\/\/www.facebook.com\/anvietgroup2007\",\"https:\/\/www.youtube.com\/watch?v=rxk3Unc1V-8\"],\"logo\":{\"@type\":\"ImageObject\",\"@id\":\"https:\/\/anviet-group.vn\/#logo\",\"inLanguage\":\"en-US\",\"url\":\"https:\/\/anviet-group.vn\/wp-content\/uploads\/2021\/06\/no-image.jpg\",\"contentUrl\":\"https:\/\/anviet-group.vn\/wp-content\/uploads\/2021\/06\/no-image.jpg\",\"width\":450,\"height\":300,\"caption\":\"AnViet Group\"},\"image\":{\"@id\":\"https:\/\/anviet-group.vn\/#logo\"}},{\"@type\":\"WebSite\",\"@id\":\"https:\/\/anviet-group.vn\/#website\",\"url\":\"https:\/\/anviet-group.vn\/\",\"name\":\"AnVi\\u1ec7tGroup\",\"description\":\"T\\u1eadp \\u0111o\\u00e0n \\u0111\\u1ea7u t\\u01b0 \\u0111a l\\u0129nh v\\u1ef1c\",\"publisher\":{\"@id\":\"https:\/\/anviet-group.vn\/#organization\"},\"potentialAction\":[{\"@type\":\"SearchAction\",\"target\":{\"@type\":\"EntryPoint\",\"urlTemplate\":\"https:\/\/anviet-group.vn\/?s={search_term_string}\"},\"query-input\":\"required name=search_term_string\"}],\"inLanguage\":\"en-US\"},{\"@type\":\"ImageObject\",\"@id\":\"https:\/\/anviet-group.vn\/en\/our-affiliates\/viet-nam-4-0-vang-ngon-joint-stock#primaryimage\",\"inLanguage\":\"en-US\",\"url\":\"https:\/\/anviet-group.vn\/wp-content\/uploads\/2025\/07\/z6816331256950_543b2ea5f033b9abc70dd68cf17588b8-1.jpg\",\"contentUrl\":\"https:\/\/anviet-group.vn\/wp-content\/uploads\/2025\/07\/z6816331256950_543b2ea5f033b9abc70dd68cf17588b8-1.jpg\",\"width\":473,\"height\":462},{\"@type\":\"WebPage\",\"@id\":\"https:\/\/anviet-group.vn\/en\/our-affiliates\/viet-nam-4-0-vang-ngon-joint-stock#webpage\",\"url\":\"https:\/\/anviet-group.vn\/en\/our-affiliates\/viet-nam-4-0-vang-ngon-joint-stock\",\"name\":\"Viet Nam 4.0 Vang Ngon Joint Stock - AnVi\\u1ec7tGroup\",\"isPartOf\":{\"@id\":\"https:\/\/anviet-group.vn\/#website\"},\"primaryImageOfPage\":{\"@id\":\"https:\/\/anviet-group.vn\/en\/our-affiliates\/viet-nam-4-0-vang-ngon-joint-stock#primaryimage\"},\"datePublished\":\"2021-08-05T11:59:41+00:00\",\"dateModified\":\"2021-09-01T07:31:49+00:00\",\"description\":\"INTRODUCTION With the massive amount of wine on the market today, finding a reputable foreign wine website might be a problem. Viet Nam Vang Ngon 4.0\",\"breadcrumb\":{\"@id\":\"https:\/\/anviet-group.vn\/en\/our-affiliates\/viet-nam-4-0-vang-ngon-joint-stock#breadcrumb\"},\"inLanguage\":\"en-US\",\"potentialAction\":[{\"@type\":\"ReadAction\",\"target\":[\"https:\/\/anviet-group.vn\/en\/our-affiliates\/viet-nam-4-0-vang-ngon-joint-stock\"]}]},{\"@type\":\"BreadcrumbList\",\"@id\":\"https:\/\/anviet-group.vn\/en\/our-affiliates\/viet-nam-4-0-vang-ngon-joint-stock#breadcrumb\",\"itemListElement\":[{\"@type\":\"ListItem\",\"position\":1,\"name\":\"Home\",\"item\":\"https:\/\/anviet-group.vn\/en\"},{\"@type\":\"ListItem\",\"position\":2,\"name\":\"Member Companies\",\"item\":\"https:\/\/anviet-group.vn\/en\/our-affiliates\"},{\"@type\":\"ListItem\",\"position\":3,\"name\":\"Viet Nam 4.0 Vang Ngon Joint Stock\"}]}]}<\/script>\n<!-- \/ Yoast SEO plugin. -->","yoast_head_json":{"title":"Viet Nam 4.0 Vang Ngon Joint Stock - AnVi\u1ec7tGroup","description":"INTRODUCTION With the massive amount of wine on the market today, finding a reputable foreign wine website might be a problem. Viet Nam Vang Ngon 4.0","robots":{"index":"index","follow":"follow","max-snippet":"max-snippet:-1","max-image-preview":"max-image-preview:large","max-video-preview":"max-video-preview:-1"},"canonical":"https:\/\/anviet-group.vn\/en\/our-affiliates\/viet-nam-4-0-vang-ngon-joint-stock","og_locale":"en_US","og_type":"article","og_title":"Viet Nam 4.0 Vang Ngon Joint Stock - AnVi\u1ec7tGroup","og_description":"INTRODUCTION With the massive amount of wine on the market today, finding a reputable foreign wine website might be a problem. Viet Nam Vang Ngon 4.0","og_url":"https:\/\/anviet-group.vn\/en\/our-affiliates\/viet-nam-4-0-vang-ngon-joint-stock","og_site_name":"AnVi\u1ec7tGroup","article_publisher":"https:\/\/www.facebook.com\/anvietgroup2007","article_modified_time":"2021-09-01T07:31:49+00:00","og_image":[{"width":2560,"height":1440,"url":"https:\/\/anviet-group.vn\/wp-content\/uploads\/2021\/07\/vang-ngon-1.jpg","path":"\/home\/anviet\/public_html\/wp-content\/uploads\/2021\/07\/vang-ngon-1.jpg","size":"full","id":1226,"alt":"","pixels":3686400,"type":"image\/jpeg"}],"twitter_card":"summary_large_image","twitter_misc":{"Est. reading time":"5 minutes"},"schema":{"@context":"https:\/\/schema.org","@graph":[{"@type":"Organization","@id":"https:\/\/anviet-group.vn\/#organization","name":"AnViet Group","url":"https:\/\/anviet-group.vn\/","sameAs":["https:\/\/www.facebook.com\/anvietgroup2007","https:\/\/www.youtube.com\/watch?v=rxk3Unc1V-8"],"logo":{"@type":"ImageObject","@id":"https:\/\/anviet-group.vn\/#logo","inLanguage":"en-US","url":"https:\/\/anviet-group.vn\/wp-content\/uploads\/2021\/06\/no-image.jpg","contentUrl":"https:\/\/anviet-group.vn\/wp-content\/uploads\/2021\/06\/no-image.jpg","width":450,"height":300,"caption":"AnViet Group"},"image":{"@id":"https:\/\/anviet-group.vn\/#logo"}},{"@type":"WebSite","@id":"https:\/\/anviet-group.vn\/#website","url":"https:\/\/anviet-group.vn\/","name":"AnVi\u1ec7tGroup","description":"T\u1eadp \u0111o\u00e0n \u0111\u1ea7u t\u01b0 \u0111a l\u0129nh v\u1ef1c","publisher":{"@id":"https:\/\/anviet-group.vn\/#organization"},"potentialAction":[{"@type":"SearchAction","target":{"@type":"EntryPoint","urlTemplate":"https:\/\/anviet-group.vn\/?s={search_term_string}"},"query-input":"required name=search_term_string"}],"inLanguage":"en-US"},{"@type":"ImageObject","@id":"https:\/\/anviet-group.vn\/en\/our-affiliates\/viet-nam-4-0-vang-ngon-joint-stock#primaryimage","inLanguage":"en-US","url":"https:\/\/anviet-group.vn\/wp-content\/uploads\/2025\/07\/z6816331256950_543b2ea5f033b9abc70dd68cf17588b8-1.jpg","contentUrl":"https:\/\/anviet-group.vn\/wp-content\/uploads\/2025\/07\/z6816331256950_543b2ea5f033b9abc70dd68cf17588b8-1.jpg","width":473,"height":462},{"@type":"WebPage","@id":"https:\/\/anviet-group.vn\/en\/our-affiliates\/viet-nam-4-0-vang-ngon-joint-stock#webpage","url":"https:\/\/anviet-group.vn\/en\/our-affiliates\/viet-nam-4-0-vang-ngon-joint-stock","name":"Viet Nam 4.0 Vang Ngon Joint Stock - AnVi\u1ec7tGroup","isPartOf":{"@id":"https:\/\/anviet-group.vn\/#website"},"primaryImageOfPage":{"@id":"https:\/\/anviet-group.vn\/en\/our-affiliates\/viet-nam-4-0-vang-ngon-joint-stock#primaryimage"},"datePublished":"2021-08-05T11:59:41+00:00","dateModified":"2021-09-01T07:31:49+00:00","description":"INTRODUCTION With the massive amount of wine on the market today, finding a reputable foreign wine website might be a problem. Viet Nam Vang Ngon 4.0","breadcrumb":{"@id":"https:\/\/anviet-group.vn\/en\/our-affiliates\/viet-nam-4-0-vang-ngon-joint-stock#breadcrumb"},"inLanguage":"en-US","potentialAction":[{"@type":"ReadAction","target":["https:\/\/anviet-group.vn\/en\/our-affiliates\/viet-nam-4-0-vang-ngon-joint-stock"]}]},{"@type":"BreadcrumbList","@id":"https:\/\/anviet-group.vn\/en\/our-affiliates\/viet-nam-4-0-vang-ngon-joint-stock#breadcrumb","itemListElement":[{"@type":"ListItem","position":1,"name":"Home","item":"https:\/\/anviet-group.vn\/en"},{"@type":"ListItem","position":2,"name":"Member Companies","item":"https:\/\/anviet-group.vn\/en\/our-affiliates"},{"@type":"ListItem","position":3,"name":"Viet Nam 4.0 Vang Ngon Joint Stock"}]}]}},"_links":{"self":[{"href":"https:\/\/anviet-group.vn\/en\/wp-json\/wp\/v2\/pages\/1915"}],"collection":[{"href":"https:\/\/anviet-group.vn\/en\/wp-json\/wp\/v2\/pages"}],"about":[{"href":"https:\/\/anviet-group.vn\/en\/wp-json\/wp\/v2\/types\/page"}],"author":[{"embeddable":true,"href":"https:\/\/anviet-group.vn\/en\/wp-json\/wp\/v2\/users\/1"}],"replies":[{"embeddable":true,"href":"https:\/\/anviet-group.vn\/en\/wp-json\/wp\/v2\/comments?post=1915"}],"version-history":[{"count":6,"href":"https:\/\/anviet-group.vn\/en\/wp-json\/wp\/v2\/pages\/1915\/revisions"}],"predecessor-version":[{"id":2175,"href":"https:\/\/anviet-group.vn\/en\/wp-json\/wp\/v2\/pages\/1915\/revisions\/2175"}],"up":[{"embeddable":true,"href":"https:\/\/anviet-group.vn\/en\/wp-json\/wp\/v2\/pages\/1567"}],"wp:featuredmedia":[{"embeddable":true,"href":"https:\/\/anviet-group.vn\/en\/wp-json\/wp\/v2\/media\/3259"}],"wp:attachment":[{"href":"https:\/\/anviet-group.vn\/en\/wp-json\/wp\/v2\/media?parent=1915"}],"curies":[{"name":"wp","href":"https:\/\/api.w.org\/{rel}","templated":true}]}}