{"id":1913,"date":"2021-08-05T11:55:18","date_gmt":"2021-08-05T11:55:18","guid":{"rendered":"https:\/\/anviet-group.vn\/?page_id=1913"},"modified":"2021-09-01T02:55:48","modified_gmt":"2021-09-01T02:55:48","slug":"vietnam-agricultural-trading-promote-joint-stock-company","status":"publish","type":"page","link":"https:\/\/anviet-group.vn\/en\/our-affiliates\/vietnam-agricultural-trading-promote-joint-stock-company","title":{"rendered":"Vietnam Agricultural Trading Promote Joint Stock Company"},"content":{"rendered":"<p><strong>INTRODUCTION<\/strong><\/p>\n<p>Vietnam Agricultural Trade Promote Joint Stock Company (XucTienViet), formerly known as Vietnam&#8217;s Safe Food and Agricultural Product Distribution Center, was established in early 2017. This is a reliable address for Manufacturers, Distributors and Consumers. Here, there was a convergence of more than 200 reputable manufacturers in the country with regional products boldly quintessential Vietnamese.<\/p>\n<p><img class=\"wp-image-1194 size-full aligncenter\" src=\"https:\/\/anviet-group.vn\/wp-content\/uploads\/2021\/07\/a1-scaled.jpg\" alt=\"\" width=\"2560\" height=\"1499\" srcset=\"https:\/\/anviet-group.vn\/wp-content\/uploads\/2021\/07\/a1-scaled.jpg 2560w, https:\/\/anviet-group.vn\/wp-content\/uploads\/2021\/07\/a1-440x258.jpg 440w, https:\/\/anviet-group.vn\/wp-content\/uploads\/2021\/07\/a1-1024x600.jpg 1024w, https:\/\/anviet-group.vn\/wp-content\/uploads\/2021\/07\/a1-768x450.jpg 768w, https:\/\/anviet-group.vn\/wp-content\/uploads\/2021\/07\/a1-1536x899.jpg 1536w, https:\/\/anviet-group.vn\/wp-content\/uploads\/2021\/07\/a1-2048x1199.jpg 2048w\" sizes=\"(max-width: 2560px) 100vw, 2560px\" \/><\/p>\n<p><strong>FIELD OF ACTIVITIES<\/strong><\/p>\n<p>XucTienViet has been focusing its professional capacity and financial resources on the following areas of activity:<\/p>\n<ul>\n<li>Consulting, trade connection;<\/li>\n<li>Communication and brand promotion;<\/li>\n<li>Display and distribution of goods;<\/li>\n<li>Event organization: Trade connection conference; Customer Conference; Product introduction conference<\/li>\n<li>Trade promotion in the field of agriculture: Fair; Markets; Weekof products\u2026<\/li>\n<li>XucTienViet is currently deploying an application software called &#8220;Tram Xanh&#8221; (Green Distributor) &#8211; An information technology platform that supports purchasing fastly, conveniently, and procurement of agricultural products with quality assurance, and services for customers when they need. This application can run on App and Website platforms.<\/li>\n<\/ul>\n<p><img class=\"wp-image-1535 size-full aligncenter\" src=\"https:\/\/anviet-group.vn\/wp-content\/uploads\/2021\/07\/Tram-xanh-app_1-e1626487313313.jpg\" alt=\"\" width=\"1024\" height=\"768\" srcset=\"https:\/\/anviet-group.vn\/wp-content\/uploads\/2021\/07\/Tram-xanh-app_1-e1626487313313.jpg 1024w, https:\/\/anviet-group.vn\/wp-content\/uploads\/2021\/07\/Tram-xanh-app_1-e1626487313313-440x330.jpg 440w, https:\/\/anviet-group.vn\/wp-content\/uploads\/2021\/07\/Tram-xanh-app_1-e1626487313313-150x112.jpg 150w, https:\/\/anviet-group.vn\/wp-content\/uploads\/2021\/07\/Tram-xanh-app_1-e1626487313313-768x576.jpg 768w\" sizes=\"(max-width: 1024px) 100vw, 1024px\" \/> <img class=\"aligncenter wp-image-2123 size-full\" src=\"https:\/\/anviet-group.vn\/wp-content\/uploads\/2021\/08\/Tram-xanh-app-e1630396470258.png\" alt=\"\" width=\"3840\" height=\"1881\" srcset=\"https:\/\/anviet-group.vn\/wp-content\/uploads\/2021\/08\/Tram-xanh-app-e1630396470258.png 3840w, https:\/\/anviet-group.vn\/wp-content\/uploads\/2021\/08\/Tram-xanh-app-e1630396470258-440x216.png 440w, https:\/\/anviet-group.vn\/wp-content\/uploads\/2021\/08\/Tram-xanh-app-e1630396470258-1024x502.png 1024w, https:\/\/anviet-group.vn\/wp-content\/uploads\/2021\/08\/Tram-xanh-app-e1630396470258-768x376.png 768w, https:\/\/anviet-group.vn\/wp-content\/uploads\/2021\/08\/Tram-xanh-app-e1630396470258-1536x752.png 1536w, https:\/\/anviet-group.vn\/wp-content\/uploads\/2021\/08\/Tram-xanh-app-e1630396470258-2048x1003.png 2048w\" sizes=\"(max-width: 3840px) 100vw, 3840px\" \/><\/p>\n<p><strong>VISION<\/strong><\/p>\n<p>Become a leading private company in domestic and international agricultural trade promotion activities, with the criterion of Cooperation for Development &#8211; Connection for Success<\/p>\n<p><strong>MISSION<\/strong><\/p>\n<p>Operating as a bridge connecting agricultural production units with investment enterprises, distributors and consumers to create sustainable linked value chains; Create a foundation to develop the brand name of Vietnamese agricultural products domestically and internationally.<\/p>\n<p><strong>CORE VALUES<\/strong><\/p>\n<p>\u2013 For production houses: As a companion to develop the brand.<\/p>\n<p>\u2013 For investment and distribution enterprises: To be the focal point of information to connect investment and business<\/p>\n<p>\u2013 For consumers: bring health benefits.<\/p>\n<p>\u2013 For employees: respecting talents, being a common home for employees to strive and develop.<\/p>\n<p>\u2013 For the community: Being a socially responsible organization<\/p>\n<p><strong>XUC TIEN VIET\u2019S ACTIVITIES<\/strong><\/p>\n<ul>\n<li>Organizing the fair, introduction and distribution of safe agricultural products and food at 489 Hoang Quoc Viet<\/li>\n<\/ul>\n<p><img class=\"aligncenter wp-image-1542 size-full\" src=\"https:\/\/anviet-group.vn\/wp-content\/uploads\/2021\/07\/Untitled-4-e1626487170944.png\" alt=\"\" width=\"1024\" height=\"683\" srcset=\"https:\/\/anviet-group.vn\/wp-content\/uploads\/2021\/07\/Untitled-4-e1626487170944.png 1024w, https:\/\/anviet-group.vn\/wp-content\/uploads\/2021\/07\/Untitled-4-e1626487170944-440x293.png 440w, https:\/\/anviet-group.vn\/wp-content\/uploads\/2021\/07\/Untitled-4-e1626487170944-768x512.png 768w\" sizes=\"(max-width: 1024px) 100vw, 1024px\" \/><\/p>\n<ul>\n<li>The Vietnam Agriculture and Rural Development Union organized the conference at the Center<\/li>\n<\/ul>\n<p><img class=\"aligncenter wp-image-1544 size-full\" src=\"https:\/\/anviet-group.vn\/wp-content\/uploads\/2021\/07\/Untitled-12-e1626487211797.png\" alt=\"\" width=\"1024\" height=\"683\" srcset=\"https:\/\/anviet-group.vn\/wp-content\/uploads\/2021\/07\/Untitled-12-e1626487211797.png 1024w, https:\/\/anviet-group.vn\/wp-content\/uploads\/2021\/07\/Untitled-12-e1626487211797-440x293.png 440w, https:\/\/anviet-group.vn\/wp-content\/uploads\/2021\/07\/Untitled-12-e1626487211797-768x512.png 768w\" sizes=\"(max-width: 1024px) 100vw, 1024px\" \/><\/p>\n<ul>\n<li>Conference to connect supply and demand of agricultural products and food between Hanoi and localities organized by Hanoi People&#8217;s Committee<\/li>\n<\/ul>\n<p><img class=\"aligncenter wp-image-1195 size-full\" src=\"https:\/\/anviet-group.vn\/wp-content\/uploads\/2021\/07\/a4-scaled.jpg\" alt=\"\" width=\"2560\" height=\"1932\" srcset=\"https:\/\/anviet-group.vn\/wp-content\/uploads\/2021\/07\/a4-scaled.jpg 2560w, https:\/\/anviet-group.vn\/wp-content\/uploads\/2021\/07\/a4-437x330.jpg 437w, https:\/\/anviet-group.vn\/wp-content\/uploads\/2021\/07\/a4-1018x768.jpg 1018w, https:\/\/anviet-group.vn\/wp-content\/uploads\/2021\/07\/a4-150x112.jpg 150w, https:\/\/anviet-group.vn\/wp-content\/uploads\/2021\/07\/a4-768x579.jpg 768w, https:\/\/anviet-group.vn\/wp-content\/uploads\/2021\/07\/a4-1536x1159.jpg 1536w, https:\/\/anviet-group.vn\/wp-content\/uploads\/2021\/07\/a4-2048x1545.jpg 2048w\" sizes=\"(max-width: 2560px) 100vw, 2560px\" \/><\/p>\n<ul>\n<li>Conference connecting between manufacturers, distributors and consumers<\/li>\n<\/ul>\n<p><img class=\"aligncenter wp-image-1509 size-full\" src=\"https:\/\/anviet-group.vn\/wp-content\/uploads\/2021\/07\/Hoi-nghi-ket-noi-giua-doanh-nghiep-san-xuat-va-kenh-phan-phoi-scaled.jpg\" alt=\"\" width=\"2560\" height=\"1932\" srcset=\"https:\/\/anviet-group.vn\/wp-content\/uploads\/2021\/07\/Hoi-nghi-ket-noi-giua-doanh-nghiep-san-xuat-va-kenh-phan-phoi-scaled.jpg 2560w, https:\/\/anviet-group.vn\/wp-content\/uploads\/2021\/07\/Hoi-nghi-ket-noi-giua-doanh-nghiep-san-xuat-va-kenh-phan-phoi-437x330.jpg 437w, https:\/\/anviet-group.vn\/wp-content\/uploads\/2021\/07\/Hoi-nghi-ket-noi-giua-doanh-nghiep-san-xuat-va-kenh-phan-phoi-1018x768.jpg 1018w, https:\/\/anviet-group.vn\/wp-content\/uploads\/2021\/07\/Hoi-nghi-ket-noi-giua-doanh-nghiep-san-xuat-va-kenh-phan-phoi-150x112.jpg 150w, https:\/\/anviet-group.vn\/wp-content\/uploads\/2021\/07\/Hoi-nghi-ket-noi-giua-doanh-nghiep-san-xuat-va-kenh-phan-phoi-768x579.jpg 768w, https:\/\/anviet-group.vn\/wp-content\/uploads\/2021\/07\/Hoi-nghi-ket-noi-giua-doanh-nghiep-san-xuat-va-kenh-phan-phoi-1536x1159.jpg 1536w, https:\/\/anviet-group.vn\/wp-content\/uploads\/2021\/07\/Hoi-nghi-ket-noi-giua-doanh-nghiep-san-xuat-va-kenh-phan-phoi-2048x1545.jpg 2048w\" sizes=\"(max-width: 2560px) 100vw, 2560px\" \/><\/p>\n<ul>\n<li>Signing a Memorandum with leaders of the Vietnam Agriculture and Rural Development Trade Union<\/li>\n<\/ul>\n<p><img class=\"aligncenter wp-image-1198 size-full\" src=\"https:\/\/anviet-group.vn\/wp-content\/uploads\/2021\/07\/a6.jpg\" alt=\"\" width=\"1600\" height=\"1067\" srcset=\"https:\/\/anviet-group.vn\/wp-content\/uploads\/2021\/07\/a6.jpg 1600w, https:\/\/anviet-group.vn\/wp-content\/uploads\/2021\/07\/a6-440x293.jpg 440w, https:\/\/anviet-group.vn\/wp-content\/uploads\/2021\/07\/a6-1024x683.jpg 1024w, https:\/\/anviet-group.vn\/wp-content\/uploads\/2021\/07\/a6-768x512.jpg 768w, https:\/\/anviet-group.vn\/wp-content\/uploads\/2021\/07\/a6-1536x1024.jpg 1536w\" sizes=\"(max-width: 1600px) 100vw, 1600px\" \/><\/p>\n<ul>\n<li>The Minister of Agriculture of Cuba visited and surveyed Vietnamese agricultural products at the Center<\/li>\n<\/ul>\n<p><img class=\"aligncenter wp-image-1199 size-full\" src=\"https:\/\/anviet-group.vn\/wp-content\/uploads\/2021\/07\/a9-scaled.jpg\" alt=\"\" width=\"2560\" height=\"1849\" srcset=\"https:\/\/anviet-group.vn\/wp-content\/uploads\/2021\/07\/a9-scaled.jpg 2560w, https:\/\/anviet-group.vn\/wp-content\/uploads\/2021\/07\/a9-440x318.jpg 440w, https:\/\/anviet-group.vn\/wp-content\/uploads\/2021\/07\/a9-1024x740.jpg 1024w, https:\/\/anviet-group.vn\/wp-content\/uploads\/2021\/07\/a9-768x555.jpg 768w, https:\/\/anviet-group.vn\/wp-content\/uploads\/2021\/07\/a9-1536x1109.jpg 1536w, https:\/\/anviet-group.vn\/wp-content\/uploads\/2021\/07\/a9-2048x1479.jpg 2048w\" sizes=\"(max-width: 2560px) 100vw, 2560px\" \/><\/p>\n<ul>\n<li>Trade cooperation of OCOP products<\/li>\n<\/ul>\n<p><img class=\"aligncenter wp-image-1200 size-full\" src=\"https:\/\/anviet-group.vn\/wp-content\/uploads\/2021\/07\/a10.jpg\" alt=\"\" width=\"2127\" height=\"1126\" srcset=\"https:\/\/anviet-group.vn\/wp-content\/uploads\/2021\/07\/a10.jpg 2127w, https:\/\/anviet-group.vn\/wp-content\/uploads\/2021\/07\/a10-440x233.jpg 440w, https:\/\/anviet-group.vn\/wp-content\/uploads\/2021\/07\/a10-1024x542.jpg 1024w, https:\/\/anviet-group.vn\/wp-content\/uploads\/2021\/07\/a10-768x407.jpg 768w, https:\/\/anviet-group.vn\/wp-content\/uploads\/2021\/07\/a10-1536x813.jpg 1536w, https:\/\/anviet-group.vn\/wp-content\/uploads\/2021\/07\/a10-2048x1084.jpg 2048w\" sizes=\"(max-width: 2127px) 100vw, 2127px\" \/><\/p>\n<p><strong>OPERATION MOTTO<\/strong><\/p>\n<ul>\n<li>With the operation motto: Understanding partners to consult and share; Connecting and building value chains to create community strength; Transparency of information, harmonization of interests to create a sustainable association; Using Information Technology platform to create outstanding strength: Diversity of organizational forms to enhance efficiency of Xuc Tien Viet; At the same time, gather reputable manufacturers and Vietnamese quintessential products to introduce and serve consumers.<\/li>\n<li>With strategic orientation within 3 years, XucTienViet strives to become a professional company in the fields of agricultural trade promotion.<\/li>\n<\/ul>\n<p>&nbsp;<\/p>\n<p><em><strong>Registrant Name:<\/strong> Vietnam Agriculture and Trade Promote Joint Stock Company<\/em><\/p>\n<p><em><strong>Short name:<\/strong> Xuc Tien Viet<\/em><\/p>\n<p><em><strong>Business registration address:<\/strong> No. 20 lane 63\/30, Le Duc Tho street, My Dinh 2 ward, Nam Tu Liem district, Hanoi<\/em><\/p>\n<p><em><strong>Head office:<\/strong> No. 489, Hoang Quoc Viet, Cau Giay, Hanoi<\/em><\/p>\n<p><em><strong>Website:<\/strong> https:\/\/trungtamthucphamsach.vn\/<\/em><\/p>\n","protected":false},"excerpt":{"rendered":"<p>INTRODUCTION Vietnam Agricultural Trade Promote Joint Stock Company (XucTienViet), formerly known as Vietnam&#8217;s Safe Food and Agricultural Product Distribution Center, was established in early 2017. This is a reliable address for Manufacturers, Distributors and Consumers. Here, there was a convergence of more than 200 reputable manufacturers in the country with regional products boldly quintessential Vietnamese. [&hellip;]<\/p>\n","protected":false},"author":1,"featured_media":3359,"parent":1567,"menu_order":8,"comment_status":"closed","ping_status":"closed","template":"templates\/page-competence.php","meta":[],"yoast_head":"<!-- This site is optimized with the Yoast SEO plugin v16.7 - https:\/\/yoast.com\/wordpress\/plugins\/seo\/ -->\n<title>Vietnam Agricultural Trading Promote Joint Stock Company - AnVi\u1ec7tGroup<\/title>\n<meta name=\"description\" content=\"INTRODUCTION Vietnam Agricultural Trade Promote Joint Stock Company (XucTienViet), formerly known as Vietnam&#039;s Safe Food and Agricultural Product\" \/>\n<meta name=\"robots\" content=\"index, follow, max-snippet:-1, max-image-preview:large, max-video-preview:-1\" \/>\n<link rel=\"canonical\" href=\"https:\/\/anviet-group.vn\/en\/our-affiliates\/vietnam-agricultural-trading-promote-joint-stock-company\" \/>\n<meta property=\"og:locale\" content=\"en_US\" \/>\n<meta property=\"og:type\" content=\"article\" \/>\n<meta property=\"og:title\" content=\"Vietnam Agricultural Trading Promote Joint Stock Company - AnVi\u1ec7tGroup\" \/>\n<meta property=\"og:description\" content=\"INTRODUCTION Vietnam Agricultural Trade Promote Joint Stock Company (XucTienViet), formerly known as Vietnam&#039;s Safe Food and Agricultural Product\" \/>\n<meta property=\"og:url\" content=\"https:\/\/anviet-group.vn\/en\/our-affiliates\/vietnam-agricultural-trading-promote-joint-stock-company\" \/>\n<meta property=\"og:site_name\" content=\"AnVi\u1ec7tGroup\" \/>\n<meta property=\"article:publisher\" content=\"https:\/\/www.facebook.com\/anvietgroup2007\" \/>\n<meta property=\"article:modified_time\" content=\"2021-09-01T02:55:48+00:00\" \/>\n<meta property=\"og:image\" content=\"https:\/\/anviet-group.vn\/wp-content\/uploads\/2021\/07\/xuctien-2-e1626487285680.jpg\" \/>\n\t<meta property=\"og:image:width\" content=\"1024\" \/>\n\t<meta property=\"og:image:height\" content=\"576\" \/>\n<meta name=\"twitter:card\" content=\"summary_large_image\" \/>\n<meta name=\"twitter:label1\" content=\"Est. reading time\" \/>\n\t<meta name=\"twitter:data1\" content=\"5 minutes\" \/>\n<script type=\"application\/ld+json\" class=\"yoast-schema-graph\">{\"@context\":\"https:\/\/schema.org\",\"@graph\":[{\"@type\":\"Organization\",\"@id\":\"https:\/\/anviet-group.vn\/#organization\",\"name\":\"AnViet Group\",\"url\":\"https:\/\/anviet-group.vn\/\",\"sameAs\":[\"https:\/\/www.facebook.com\/anvietgroup2007\",\"https:\/\/www.youtube.com\/watch?v=rxk3Unc1V-8\"],\"logo\":{\"@type\":\"ImageObject\",\"@id\":\"https:\/\/anviet-group.vn\/#logo\",\"inLanguage\":\"en-US\",\"url\":\"https:\/\/anviet-group.vn\/wp-content\/uploads\/2021\/06\/no-image.jpg\",\"contentUrl\":\"https:\/\/anviet-group.vn\/wp-content\/uploads\/2021\/06\/no-image.jpg\",\"width\":450,\"height\":300,\"caption\":\"AnViet Group\"},\"image\":{\"@id\":\"https:\/\/anviet-group.vn\/#logo\"}},{\"@type\":\"WebSite\",\"@id\":\"https:\/\/anviet-group.vn\/#website\",\"url\":\"https:\/\/anviet-group.vn\/\",\"name\":\"AnVi\\u1ec7tGroup\",\"description\":\"T\\u1eadp \\u0111o\\u00e0n \\u0111\\u1ea7u t\\u01b0 \\u0111a l\\u0129nh v\\u1ef1c\",\"publisher\":{\"@id\":\"https:\/\/anviet-group.vn\/#organization\"},\"potentialAction\":[{\"@type\":\"SearchAction\",\"target\":{\"@type\":\"EntryPoint\",\"urlTemplate\":\"https:\/\/anviet-group.vn\/?s={search_term_string}\"},\"query-input\":\"required name=search_term_string\"}],\"inLanguage\":\"en-US\"},{\"@type\":\"ImageObject\",\"@id\":\"https:\/\/anviet-group.vn\/en\/our-affiliates\/vietnam-agricultural-trading-promote-joint-stock-company#primaryimage\",\"inLanguage\":\"en-US\",\"url\":\"https:\/\/anviet-group.vn\/wp-content\/uploads\/2025\/07\/481682570_649873334220743_4454488163653540504_n-1.jpg\",\"contentUrl\":\"https:\/\/anviet-group.vn\/wp-content\/uploads\/2025\/07\/481682570_649873334220743_4454488163653540504_n-1.jpg\",\"width\":960,\"height\":355},{\"@type\":\"WebPage\",\"@id\":\"https:\/\/anviet-group.vn\/en\/our-affiliates\/vietnam-agricultural-trading-promote-joint-stock-company#webpage\",\"url\":\"https:\/\/anviet-group.vn\/en\/our-affiliates\/vietnam-agricultural-trading-promote-joint-stock-company\",\"name\":\"Vietnam Agricultural Trading Promote Joint Stock Company - AnVi\\u1ec7tGroup\",\"isPartOf\":{\"@id\":\"https:\/\/anviet-group.vn\/#website\"},\"primaryImageOfPage\":{\"@id\":\"https:\/\/anviet-group.vn\/en\/our-affiliates\/vietnam-agricultural-trading-promote-joint-stock-company#primaryimage\"},\"datePublished\":\"2021-08-05T11:55:18+00:00\",\"dateModified\":\"2021-09-01T02:55:48+00:00\",\"description\":\"INTRODUCTION Vietnam Agricultural Trade Promote Joint Stock Company (XucTienViet), formerly known as Vietnam's Safe Food and Agricultural Product\",\"breadcrumb\":{\"@id\":\"https:\/\/anviet-group.vn\/en\/our-affiliates\/vietnam-agricultural-trading-promote-joint-stock-company#breadcrumb\"},\"inLanguage\":\"en-US\",\"potentialAction\":[{\"@type\":\"ReadAction\",\"target\":[\"https:\/\/anviet-group.vn\/en\/our-affiliates\/vietnam-agricultural-trading-promote-joint-stock-company\"]}]},{\"@type\":\"BreadcrumbList\",\"@id\":\"https:\/\/anviet-group.vn\/en\/our-affiliates\/vietnam-agricultural-trading-promote-joint-stock-company#breadcrumb\",\"itemListElement\":[{\"@type\":\"ListItem\",\"position\":1,\"name\":\"Home\",\"item\":\"https:\/\/anviet-group.vn\/en\"},{\"@type\":\"ListItem\",\"position\":2,\"name\":\"Member Companies\",\"item\":\"https:\/\/anviet-group.vn\/en\/our-affiliates\"},{\"@type\":\"ListItem\",\"position\":3,\"name\":\"Vietnam Agricultural Trading Promote Joint Stock Company\"}]}]}<\/script>\n<!-- \/ Yoast SEO plugin. -->","yoast_head_json":{"title":"Vietnam Agricultural Trading Promote Joint Stock Company - AnVi\u1ec7tGroup","description":"INTRODUCTION Vietnam Agricultural Trade Promote Joint Stock Company (XucTienViet), formerly known as Vietnam's Safe Food and Agricultural Product","robots":{"index":"index","follow":"follow","max-snippet":"max-snippet:-1","max-image-preview":"max-image-preview:large","max-video-preview":"max-video-preview:-1"},"canonical":"https:\/\/anviet-group.vn\/en\/our-affiliates\/vietnam-agricultural-trading-promote-joint-stock-company","og_locale":"en_US","og_type":"article","og_title":"Vietnam Agricultural Trading Promote Joint Stock Company - AnVi\u1ec7tGroup","og_description":"INTRODUCTION Vietnam Agricultural Trade Promote Joint Stock Company (XucTienViet), formerly known as Vietnam's Safe Food and Agricultural Product","og_url":"https:\/\/anviet-group.vn\/en\/our-affiliates\/vietnam-agricultural-trading-promote-joint-stock-company","og_site_name":"AnVi\u1ec7tGroup","article_publisher":"https:\/\/www.facebook.com\/anvietgroup2007","article_modified_time":"2021-09-01T02:55:48+00:00","og_image":[{"width":1024,"height":576,"url":"https:\/\/anviet-group.vn\/wp-content\/uploads\/2021\/07\/xuctien-2-e1626487285680.jpg","path":"\/home\/anviet\/public_html\/wp-content\/uploads\/2021\/07\/xuctien-2-e1626487285680.jpg","size":"full","id":1229,"alt":"","pixels":589824,"type":"image\/jpeg"}],"twitter_card":"summary_large_image","twitter_misc":{"Est. reading time":"5 minutes"},"schema":{"@context":"https:\/\/schema.org","@graph":[{"@type":"Organization","@id":"https:\/\/anviet-group.vn\/#organization","name":"AnViet Group","url":"https:\/\/anviet-group.vn\/","sameAs":["https:\/\/www.facebook.com\/anvietgroup2007","https:\/\/www.youtube.com\/watch?v=rxk3Unc1V-8"],"logo":{"@type":"ImageObject","@id":"https:\/\/anviet-group.vn\/#logo","inLanguage":"en-US","url":"https:\/\/anviet-group.vn\/wp-content\/uploads\/2021\/06\/no-image.jpg","contentUrl":"https:\/\/anviet-group.vn\/wp-content\/uploads\/2021\/06\/no-image.jpg","width":450,"height":300,"caption":"AnViet Group"},"image":{"@id":"https:\/\/anviet-group.vn\/#logo"}},{"@type":"WebSite","@id":"https:\/\/anviet-group.vn\/#website","url":"https:\/\/anviet-group.vn\/","name":"AnVi\u1ec7tGroup","description":"T\u1eadp \u0111o\u00e0n \u0111\u1ea7u t\u01b0 \u0111a l\u0129nh v\u1ef1c","publisher":{"@id":"https:\/\/anviet-group.vn\/#organization"},"potentialAction":[{"@type":"SearchAction","target":{"@type":"EntryPoint","urlTemplate":"https:\/\/anviet-group.vn\/?s={search_term_string}"},"query-input":"required name=search_term_string"}],"inLanguage":"en-US"},{"@type":"ImageObject","@id":"https:\/\/anviet-group.vn\/en\/our-affiliates\/vietnam-agricultural-trading-promote-joint-stock-company#primaryimage","inLanguage":"en-US","url":"https:\/\/anviet-group.vn\/wp-content\/uploads\/2025\/07\/481682570_649873334220743_4454488163653540504_n-1.jpg","contentUrl":"https:\/\/anviet-group.vn\/wp-content\/uploads\/2025\/07\/481682570_649873334220743_4454488163653540504_n-1.jpg","width":960,"height":355},{"@type":"WebPage","@id":"https:\/\/anviet-group.vn\/en\/our-affiliates\/vietnam-agricultural-trading-promote-joint-stock-company#webpage","url":"https:\/\/anviet-group.vn\/en\/our-affiliates\/vietnam-agricultural-trading-promote-joint-stock-company","name":"Vietnam Agricultural Trading Promote Joint Stock Company - AnVi\u1ec7tGroup","isPartOf":{"@id":"https:\/\/anviet-group.vn\/#website"},"primaryImageOfPage":{"@id":"https:\/\/anviet-group.vn\/en\/our-affiliates\/vietnam-agricultural-trading-promote-joint-stock-company#primaryimage"},"datePublished":"2021-08-05T11:55:18+00:00","dateModified":"2021-09-01T02:55:48+00:00","description":"INTRODUCTION Vietnam Agricultural Trade Promote Joint Stock Company (XucTienViet), formerly known as Vietnam's Safe Food and Agricultural Product","breadcrumb":{"@id":"https:\/\/anviet-group.vn\/en\/our-affiliates\/vietnam-agricultural-trading-promote-joint-stock-company#breadcrumb"},"inLanguage":"en-US","potentialAction":[{"@type":"ReadAction","target":["https:\/\/anviet-group.vn\/en\/our-affiliates\/vietnam-agricultural-trading-promote-joint-stock-company"]}]},{"@type":"BreadcrumbList","@id":"https:\/\/anviet-group.vn\/en\/our-affiliates\/vietnam-agricultural-trading-promote-joint-stock-company#breadcrumb","itemListElement":[{"@type":"ListItem","position":1,"name":"Home","item":"https:\/\/anviet-group.vn\/en"},{"@type":"ListItem","position":2,"name":"Member Companies","item":"https:\/\/anviet-group.vn\/en\/our-affiliates"},{"@type":"ListItem","position":3,"name":"Vietnam Agricultural Trading Promote Joint Stock Company"}]}]}},"_links":{"self":[{"href":"https:\/\/anviet-group.vn\/en\/wp-json\/wp\/v2\/pages\/1913"}],"collection":[{"href":"https:\/\/anviet-group.vn\/en\/wp-json\/wp\/v2\/pages"}],"about":[{"href":"https:\/\/anviet-group.vn\/en\/wp-json\/wp\/v2\/types\/page"}],"author":[{"embeddable":true,"href":"https:\/\/anviet-group.vn\/en\/wp-json\/wp\/v2\/users\/1"}],"replies":[{"embeddable":true,"href":"https:\/\/anviet-group.vn\/en\/wp-json\/wp\/v2\/comments?post=1913"}],"version-history":[{"count":2,"href":"https:\/\/anviet-group.vn\/en\/wp-json\/wp\/v2\/pages\/1913\/revisions"}],"predecessor-version":[{"id":2157,"href":"https:\/\/anviet-group.vn\/en\/wp-json\/wp\/v2\/pages\/1913\/revisions\/2157"}],"up":[{"embeddable":true,"href":"https:\/\/anviet-group.vn\/en\/wp-json\/wp\/v2\/pages\/1567"}],"wp:featuredmedia":[{"embeddable":true,"href":"https:\/\/anviet-group.vn\/en\/wp-json\/wp\/v2\/media\/3359"}],"wp:attachment":[{"href":"https:\/\/anviet-group.vn\/en\/wp-json\/wp\/v2\/media?parent=1913"}],"curies":[{"name":"wp","href":"https:\/\/api.w.org\/{rel}","templated":true}]}}