{"id":1902,"date":"2021-08-05T10:13:08","date_gmt":"2021-08-05T10:13:08","guid":{"rendered":"https:\/\/anviet-group.vn\/?page_id=1902"},"modified":"2021-09-01T02:03:25","modified_gmt":"2021-09-01T02:03:25","slug":"vdspaces-technology-joint-stock-company","status":"publish","type":"page","link":"https:\/\/anviet-group.vn\/en\/our-affiliates\/vdspaces-technology-joint-stock-company","title":{"rendered":"VDSpaces technology joint stock company"},"content":{"rendered":"<p><strong>INTRODUCTION<\/strong><\/p>\n<p>Our Artificial Intelligence product implementation consulting service is also an outstanding service. Implemented methodically, with experts with extensive experience in consulting, developing and deploying AI products, our AI consulting services are not only limited to strategic and theoretical consulting, but also goes through programming, system integration, testing, evaluation, large-scale deployment. We have experience in successfully implementing hundreds of AI projects with large domestic and foreign technology corporations such as: Google Cloud, MAPR, Tibco Group, Saltlux, Camlin, Minh Phu Group, NextTech, ITPlus Training Institute, Vietsoftware International\u2026.<\/p>\n<p><strong>FIELD OF ACTIVITIES<\/strong><\/p>\n<ul>\n<li>Develop AI-powered products<\/li>\n<li>Build a big data analytics platform.<\/li>\n<li>Transferring AI technology, consulting and training for companies to understand, evaluate and apply AI technology<\/li>\n<li>Building a framework of digital transformation programs for state managers and enterprise leaders.<\/li>\n<li>Smart city solutions including design consulting, providing core AI technology for image data analysis, natural language processing.<\/li>\n<\/ul>\n<p><img class=\"aligncenter wp-image-1452 size-full\" src=\"https:\/\/anviet-group.vn\/wp-content\/uploads\/2021\/07\/anh-website-2.png\" alt=\"\" width=\"2560\" height=\"868\" srcset=\"https:\/\/anviet-group.vn\/wp-content\/uploads\/2021\/07\/anh-website-2.png 2560w, https:\/\/anviet-group.vn\/wp-content\/uploads\/2021\/07\/anh-website-2-440x149.png 440w, https:\/\/anviet-group.vn\/wp-content\/uploads\/2021\/07\/anh-website-2-1024x347.png 1024w, https:\/\/anviet-group.vn\/wp-content\/uploads\/2021\/07\/anh-website-2-768x260.png 768w, https:\/\/anviet-group.vn\/wp-content\/uploads\/2021\/07\/anh-website-2-1536x521.png 1536w, https:\/\/anviet-group.vn\/wp-content\/uploads\/2021\/07\/anh-website-2-2048x694.png 2048w\" sizes=\"(max-width: 2560px) 100vw, 2560px\" \/><\/p>\n<p><strong>VDSPACES ACHIEVEMENTS<\/strong><\/p>\n<ul>\n<li>VDSpaces has officially become a partner of MAPR, the world&#8217;s top five in Platforms for Data Engineering and Data Analytics<\/li>\n<li>VDSpaces\/AI Academy Vietnam cooperates with partners to implement a training program on Full Stack Data<\/li>\n<li>EKYC: Electronic Customer Identification<\/li>\n<li>iKi-bot: System of customer identification, intelligent data analysis for banks, hospitals, public services. Improve service performance, optimize resources, improve customer experience<\/li>\n<li>FaceBox: Attendance checking system by face recognition<\/li>\n<li>Cooperating with Vimass to research facial authentication software of Vimass &#8220;multi-card&#8221; and &#8220;Vimass wallet&#8221; holders for schools, hospitals, public transport, public services, allowing cardholders to transact with smartphone when there is internet and even without internet<\/li>\n<\/ul>\n<p><img class=\"aligncenter wp-image-2144 size-large\" src=\"https:\/\/anviet-group.vn\/wp-content\/uploads\/2021\/09\/\u0421\u043d\u0438\u043c\u043e\u043a-\u044d\u043a\u0440\u0430\u043d\u0430-2021-09-01-\u0432-08.33.30-853x768.png\" alt=\"\" width=\"853\" height=\"768\" srcset=\"https:\/\/anviet-group.vn\/wp-content\/uploads\/2021\/09\/\u0421\u043d\u0438\u043c\u043e\u043a-\u044d\u043a\u0440\u0430\u043d\u0430-2021-09-01-\u0432-08.33.30-853x768.png 853w, https:\/\/anviet-group.vn\/wp-content\/uploads\/2021\/09\/\u0421\u043d\u0438\u043c\u043e\u043a-\u044d\u043a\u0440\u0430\u043d\u0430-2021-09-01-\u0432-08.33.30-367x330.png 367w, https:\/\/anviet-group.vn\/wp-content\/uploads\/2021\/09\/\u0421\u043d\u0438\u043c\u043e\u043a-\u044d\u043a\u0440\u0430\u043d\u0430-2021-09-01-\u0432-08.33.30-768x691.png 768w, https:\/\/anviet-group.vn\/wp-content\/uploads\/2021\/09\/\u0421\u043d\u0438\u043c\u043e\u043a-\u044d\u043a\u0440\u0430\u043d\u0430-2021-09-01-\u0432-08.33.30-1536x1383.png 1536w, https:\/\/anviet-group.vn\/wp-content\/uploads\/2021\/09\/\u0421\u043d\u0438\u043c\u043e\u043a-\u044d\u043a\u0440\u0430\u043d\u0430-2021-09-01-\u0432-08.33.30.png 1606w\" sizes=\"(max-width: 853px) 100vw, 853px\" \/><\/p>\n<p><strong>VDSPACES\u2019 MAIN TECHNOLOGY<\/strong><\/p>\n<ul>\n<li>Natural language processing: natural language understanding (NLU)<\/li>\n<li>Voice processing: speech recognition, speech combination, predictive analysis from 3D model images, Smart OCR<\/li>\n<li>Data mining<\/li>\n<li>Text Mining<\/li>\n<li>Big data<\/li>\n<\/ul>\n<p><strong>OUR PERSONNEL<\/strong><\/p>\n<ul>\n<li>03 leading experts in AI\/CV (top level)<\/li>\n<li>5 excellent engineers selected from the talented ones of HCMUT (top 3-1%)<\/li>\n<li>03 technology experts<\/li>\n<li>15 students, graduate students and PhD students<\/li>\n<li>Deep collaboration network with experts, professors,domestic laboratoriesas well as abroad.<\/li>\n<\/ul>\n<p><img class=\"aligncenter wp-image-1436 size-full\" src=\"https:\/\/anviet-group.vn\/wp-content\/uploads\/2021\/07\/\u0421\u043d\u0438\u043c\u043e\u043a-\u044d\u043a\u0440\u0430\u043d\u0430-2021-07-13-\u0432-21.51.jpg\" alt=\"\" width=\"1500\" height=\"997\" srcset=\"https:\/\/anviet-group.vn\/wp-content\/uploads\/2021\/07\/\u0421\u043d\u0438\u043c\u043e\u043a-\u044d\u043a\u0440\u0430\u043d\u0430-2021-07-13-\u0432-21.51.jpg 1500w, https:\/\/anviet-group.vn\/wp-content\/uploads\/2021\/07\/\u0421\u043d\u0438\u043c\u043e\u043a-\u044d\u043a\u0440\u0430\u043d\u0430-2021-07-13-\u0432-21.51-440x292.jpg 440w, https:\/\/anviet-group.vn\/wp-content\/uploads\/2021\/07\/\u0421\u043d\u0438\u043c\u043e\u043a-\u044d\u043a\u0440\u0430\u043d\u0430-2021-07-13-\u0432-21.51-1024x681.jpg 1024w, https:\/\/anviet-group.vn\/wp-content\/uploads\/2021\/07\/\u0421\u043d\u0438\u043c\u043e\u043a-\u044d\u043a\u0440\u0430\u043d\u0430-2021-07-13-\u0432-21.51-768x510.jpg 768w\" sizes=\"(max-width: 1500px) 100vw, 1500px\" \/><\/p>\n<p><img class=\"aligncenter wp-image-1452 size-full\" src=\"https:\/\/anviet-group.vn\/wp-content\/uploads\/2021\/07\/anh-website-2.png\" alt=\"\" width=\"2560\" height=\"868\" srcset=\"https:\/\/anviet-group.vn\/wp-content\/uploads\/2021\/07\/anh-website-2.png 2560w, https:\/\/anviet-group.vn\/wp-content\/uploads\/2021\/07\/anh-website-2-440x149.png 440w, https:\/\/anviet-group.vn\/wp-content\/uploads\/2021\/07\/anh-website-2-1024x347.png 1024w, https:\/\/anviet-group.vn\/wp-content\/uploads\/2021\/07\/anh-website-2-768x260.png 768w, https:\/\/anviet-group.vn\/wp-content\/uploads\/2021\/07\/anh-website-2-1536x521.png 1536w, https:\/\/anviet-group.vn\/wp-content\/uploads\/2021\/07\/anh-website-2-2048x694.png 2048w\" sizes=\"(max-width: 2560px) 100vw, 2560px\" \/><\/p>\n<p><strong>OPERATION MOTTO<\/strong><\/p>\n<p>With the motto of global connection, VDSpace is constantly researching and implementing AI technologies into daily life. With a team of dedicated and experienced AI experts, we have helped many businesses achieve breakthroughs in their growth path. We will continue to work hard to create many new AI products to serve the needs of the market and your own.<\/p>\n<p>We hope that VDSpaces&#8217; large team of AI experts, researchers and engineers will have the opportunity to accompany and contribute to the success of your AI strategy!<\/p>\n<p>&nbsp;<\/p>\n<p><em><strong>Registrant Name:<\/strong> VDSpaces Technology Joint Stock Company<\/em><\/p>\n<p><em><strong>Business registration address:<\/strong> Room 203, 2nd floor, Trung Van 1 Commercial and Service Area, Nam Tu Liem, Hanoi<\/em><\/p>\n<p><em><strong>Head office:<\/strong> 489 Hoang Quoc Viet, Hanoi<\/em><\/p>\n<p><em><strong>Website:<\/strong> www.vdspaces.com<\/em><\/p>\n","protected":false},"excerpt":{"rendered":"<p>INTRODUCTION Our Artificial Intelligence product implementation consulting service is also an outstanding service. Implemented methodically, with experts with extensive experience in consulting, developing and deploying AI products, our AI consulting services are not only limited to strategic and theoretical consulting, but also goes through programming, system integration, testing, evaluation, large-scale deployment. We have experience in [&hellip;]<\/p>\n","protected":false},"author":1,"featured_media":3438,"parent":1567,"menu_order":4,"comment_status":"closed","ping_status":"closed","template":"templates\/page-competence.php","meta":[],"yoast_head":"<!-- This site is optimized with the Yoast SEO plugin v16.7 - https:\/\/yoast.com\/wordpress\/plugins\/seo\/ -->\n<title>VDSpaces technology joint stock company - AnVi\u1ec7tGroup<\/title>\n<meta name=\"description\" content=\"INTRODUCTION Our Artificial Intelligence product implementation consulting service is also an outstanding service. Implemented methodically, with experts\" \/>\n<meta name=\"robots\" content=\"index, follow, max-snippet:-1, max-image-preview:large, max-video-preview:-1\" \/>\n<link rel=\"canonical\" href=\"https:\/\/anviet-group.vn\/en\/our-affiliates\/vdspaces-technology-joint-stock-company\" \/>\n<meta property=\"og:locale\" content=\"en_US\" \/>\n<meta property=\"og:type\" content=\"article\" \/>\n<meta property=\"og:title\" content=\"VDSpaces technology joint stock company - AnVi\u1ec7tGroup\" \/>\n<meta property=\"og:description\" content=\"INTRODUCTION Our Artificial Intelligence product implementation consulting service is also an outstanding service. Implemented methodically, with experts\" \/>\n<meta property=\"og:url\" content=\"https:\/\/anviet-group.vn\/en\/our-affiliates\/vdspaces-technology-joint-stock-company\" \/>\n<meta property=\"og:site_name\" content=\"AnVi\u1ec7tGroup\" \/>\n<meta property=\"article:publisher\" content=\"https:\/\/www.facebook.com\/anvietgroup2007\" \/>\n<meta property=\"article:modified_time\" content=\"2021-09-01T02:03:25+00:00\" \/>\n<meta property=\"og:image\" content=\"https:\/\/anviet-group.vn\/wp-content\/uploads\/2021\/07\/vdspaces.jpg\" \/>\n\t<meta property=\"og:image:width\" content=\"2560\" \/>\n\t<meta property=\"og:image:height\" content=\"1440\" \/>\n<meta name=\"twitter:card\" content=\"summary_large_image\" \/>\n<meta name=\"twitter:label1\" content=\"Est. reading time\" \/>\n\t<meta name=\"twitter:data1\" content=\"3 minutes\" \/>\n<script type=\"application\/ld+json\" class=\"yoast-schema-graph\">{\"@context\":\"https:\/\/schema.org\",\"@graph\":[{\"@type\":\"Organization\",\"@id\":\"https:\/\/anviet-group.vn\/#organization\",\"name\":\"AnViet Group\",\"url\":\"https:\/\/anviet-group.vn\/\",\"sameAs\":[\"https:\/\/www.facebook.com\/anvietgroup2007\",\"https:\/\/www.youtube.com\/watch?v=rxk3Unc1V-8\"],\"logo\":{\"@type\":\"ImageObject\",\"@id\":\"https:\/\/anviet-group.vn\/#logo\",\"inLanguage\":\"en-US\",\"url\":\"https:\/\/anviet-group.vn\/wp-content\/uploads\/2021\/06\/no-image.jpg\",\"contentUrl\":\"https:\/\/anviet-group.vn\/wp-content\/uploads\/2021\/06\/no-image.jpg\",\"width\":450,\"height\":300,\"caption\":\"AnViet Group\"},\"image\":{\"@id\":\"https:\/\/anviet-group.vn\/#logo\"}},{\"@type\":\"WebSite\",\"@id\":\"https:\/\/anviet-group.vn\/#website\",\"url\":\"https:\/\/anviet-group.vn\/\",\"name\":\"AnVi\\u1ec7tGroup\",\"description\":\"T\\u1eadp \\u0111o\\u00e0n \\u0111\\u1ea7u t\\u01b0 \\u0111a l\\u0129nh v\\u1ef1c\",\"publisher\":{\"@id\":\"https:\/\/anviet-group.vn\/#organization\"},\"potentialAction\":[{\"@type\":\"SearchAction\",\"target\":{\"@type\":\"EntryPoint\",\"urlTemplate\":\"https:\/\/anviet-group.vn\/?s={search_term_string}\"},\"query-input\":\"required name=search_term_string\"}],\"inLanguage\":\"en-US\"},{\"@type\":\"ImageObject\",\"@id\":\"https:\/\/anviet-group.vn\/en\/our-affiliates\/vdspaces-technology-joint-stock-company#primaryimage\",\"inLanguage\":\"en-US\",\"url\":\"https:\/\/anviet-group.vn\/wp-content\/uploads\/2025\/07\/z6647589360926_9d42172c9da844891c896cb3b387b51e-1.jpg\",\"contentUrl\":\"https:\/\/anviet-group.vn\/wp-content\/uploads\/2025\/07\/z6647589360926_9d42172c9da844891c896cb3b387b51e-1.jpg\",\"width\":1563,\"height\":1563},{\"@type\":\"WebPage\",\"@id\":\"https:\/\/anviet-group.vn\/en\/our-affiliates\/vdspaces-technology-joint-stock-company#webpage\",\"url\":\"https:\/\/anviet-group.vn\/en\/our-affiliates\/vdspaces-technology-joint-stock-company\",\"name\":\"VDSpaces technology joint stock company - AnVi\\u1ec7tGroup\",\"isPartOf\":{\"@id\":\"https:\/\/anviet-group.vn\/#website\"},\"primaryImageOfPage\":{\"@id\":\"https:\/\/anviet-group.vn\/en\/our-affiliates\/vdspaces-technology-joint-stock-company#primaryimage\"},\"datePublished\":\"2021-08-05T10:13:08+00:00\",\"dateModified\":\"2021-09-01T02:03:25+00:00\",\"description\":\"INTRODUCTION Our Artificial Intelligence product implementation consulting service is also an outstanding service. Implemented methodically, with experts\",\"breadcrumb\":{\"@id\":\"https:\/\/anviet-group.vn\/en\/our-affiliates\/vdspaces-technology-joint-stock-company#breadcrumb\"},\"inLanguage\":\"en-US\",\"potentialAction\":[{\"@type\":\"ReadAction\",\"target\":[\"https:\/\/anviet-group.vn\/en\/our-affiliates\/vdspaces-technology-joint-stock-company\"]}]},{\"@type\":\"BreadcrumbList\",\"@id\":\"https:\/\/anviet-group.vn\/en\/our-affiliates\/vdspaces-technology-joint-stock-company#breadcrumb\",\"itemListElement\":[{\"@type\":\"ListItem\",\"position\":1,\"name\":\"Home\",\"item\":\"https:\/\/anviet-group.vn\/en\"},{\"@type\":\"ListItem\",\"position\":2,\"name\":\"Member Companies\",\"item\":\"https:\/\/anviet-group.vn\/en\/our-affiliates\"},{\"@type\":\"ListItem\",\"position\":3,\"name\":\"VDSpaces technology joint stock company\"}]}]}<\/script>\n<!-- \/ Yoast SEO plugin. -->","yoast_head_json":{"title":"VDSpaces technology joint stock company - AnVi\u1ec7tGroup","description":"INTRODUCTION Our Artificial Intelligence product implementation consulting service is also an outstanding service. Implemented methodically, with experts","robots":{"index":"index","follow":"follow","max-snippet":"max-snippet:-1","max-image-preview":"max-image-preview:large","max-video-preview":"max-video-preview:-1"},"canonical":"https:\/\/anviet-group.vn\/en\/our-affiliates\/vdspaces-technology-joint-stock-company","og_locale":"en_US","og_type":"article","og_title":"VDSpaces technology joint stock company - AnVi\u1ec7tGroup","og_description":"INTRODUCTION Our Artificial Intelligence product implementation consulting service is also an outstanding service. Implemented methodically, with experts","og_url":"https:\/\/anviet-group.vn\/en\/our-affiliates\/vdspaces-technology-joint-stock-company","og_site_name":"AnVi\u1ec7tGroup","article_publisher":"https:\/\/www.facebook.com\/anvietgroup2007","article_modified_time":"2021-09-01T02:03:25+00:00","og_image":[{"width":2560,"height":1440,"url":"https:\/\/anviet-group.vn\/wp-content\/uploads\/2021\/07\/vdspaces.jpg","path":"\/home\/anviet\/public_html\/wp-content\/uploads\/2021\/07\/vdspaces.jpg","size":"full","id":1257,"alt":"","pixels":3686400,"type":"image\/jpeg"}],"twitter_card":"summary_large_image","twitter_misc":{"Est. reading time":"3 minutes"},"schema":{"@context":"https:\/\/schema.org","@graph":[{"@type":"Organization","@id":"https:\/\/anviet-group.vn\/#organization","name":"AnViet Group","url":"https:\/\/anviet-group.vn\/","sameAs":["https:\/\/www.facebook.com\/anvietgroup2007","https:\/\/www.youtube.com\/watch?v=rxk3Unc1V-8"],"logo":{"@type":"ImageObject","@id":"https:\/\/anviet-group.vn\/#logo","inLanguage":"en-US","url":"https:\/\/anviet-group.vn\/wp-content\/uploads\/2021\/06\/no-image.jpg","contentUrl":"https:\/\/anviet-group.vn\/wp-content\/uploads\/2021\/06\/no-image.jpg","width":450,"height":300,"caption":"AnViet Group"},"image":{"@id":"https:\/\/anviet-group.vn\/#logo"}},{"@type":"WebSite","@id":"https:\/\/anviet-group.vn\/#website","url":"https:\/\/anviet-group.vn\/","name":"AnVi\u1ec7tGroup","description":"T\u1eadp \u0111o\u00e0n \u0111\u1ea7u t\u01b0 \u0111a l\u0129nh v\u1ef1c","publisher":{"@id":"https:\/\/anviet-group.vn\/#organization"},"potentialAction":[{"@type":"SearchAction","target":{"@type":"EntryPoint","urlTemplate":"https:\/\/anviet-group.vn\/?s={search_term_string}"},"query-input":"required name=search_term_string"}],"inLanguage":"en-US"},{"@type":"ImageObject","@id":"https:\/\/anviet-group.vn\/en\/our-affiliates\/vdspaces-technology-joint-stock-company#primaryimage","inLanguage":"en-US","url":"https:\/\/anviet-group.vn\/wp-content\/uploads\/2025\/07\/z6647589360926_9d42172c9da844891c896cb3b387b51e-1.jpg","contentUrl":"https:\/\/anviet-group.vn\/wp-content\/uploads\/2025\/07\/z6647589360926_9d42172c9da844891c896cb3b387b51e-1.jpg","width":1563,"height":1563},{"@type":"WebPage","@id":"https:\/\/anviet-group.vn\/en\/our-affiliates\/vdspaces-technology-joint-stock-company#webpage","url":"https:\/\/anviet-group.vn\/en\/our-affiliates\/vdspaces-technology-joint-stock-company","name":"VDSpaces technology joint stock company - AnVi\u1ec7tGroup","isPartOf":{"@id":"https:\/\/anviet-group.vn\/#website"},"primaryImageOfPage":{"@id":"https:\/\/anviet-group.vn\/en\/our-affiliates\/vdspaces-technology-joint-stock-company#primaryimage"},"datePublished":"2021-08-05T10:13:08+00:00","dateModified":"2021-09-01T02:03:25+00:00","description":"INTRODUCTION Our Artificial Intelligence product implementation consulting service is also an outstanding service. Implemented methodically, with experts","breadcrumb":{"@id":"https:\/\/anviet-group.vn\/en\/our-affiliates\/vdspaces-technology-joint-stock-company#breadcrumb"},"inLanguage":"en-US","potentialAction":[{"@type":"ReadAction","target":["https:\/\/anviet-group.vn\/en\/our-affiliates\/vdspaces-technology-joint-stock-company"]}]},{"@type":"BreadcrumbList","@id":"https:\/\/anviet-group.vn\/en\/our-affiliates\/vdspaces-technology-joint-stock-company#breadcrumb","itemListElement":[{"@type":"ListItem","position":1,"name":"Home","item":"https:\/\/anviet-group.vn\/en"},{"@type":"ListItem","position":2,"name":"Member Companies","item":"https:\/\/anviet-group.vn\/en\/our-affiliates"},{"@type":"ListItem","position":3,"name":"VDSpaces technology joint stock company"}]}]}},"_links":{"self":[{"href":"https:\/\/anviet-group.vn\/en\/wp-json\/wp\/v2\/pages\/1902"}],"collection":[{"href":"https:\/\/anviet-group.vn\/en\/wp-json\/wp\/v2\/pages"}],"about":[{"href":"https:\/\/anviet-group.vn\/en\/wp-json\/wp\/v2\/types\/page"}],"author":[{"embeddable":true,"href":"https:\/\/anviet-group.vn\/en\/wp-json\/wp\/v2\/users\/1"}],"replies":[{"embeddable":true,"href":"https:\/\/anviet-group.vn\/en\/wp-json\/wp\/v2\/comments?post=1902"}],"version-history":[{"count":2,"href":"https:\/\/anviet-group.vn\/en\/wp-json\/wp\/v2\/pages\/1902\/revisions"}],"predecessor-version":[{"id":2151,"href":"https:\/\/anviet-group.vn\/en\/wp-json\/wp\/v2\/pages\/1902\/revisions\/2151"}],"up":[{"embeddable":true,"href":"https:\/\/anviet-group.vn\/en\/wp-json\/wp\/v2\/pages\/1567"}],"wp:featuredmedia":[{"embeddable":true,"href":"https:\/\/anviet-group.vn\/en\/wp-json\/wp\/v2\/media\/3438"}],"wp:attachment":[{"href":"https:\/\/anviet-group.vn\/en\/wp-json\/wp\/v2\/media?parent=1902"}],"curies":[{"name":"wp","href":"https:\/\/api.w.org\/{rel}","templated":true}]}}