{"id":1570,"date":"2021-07-25T15:54:55","date_gmt":"2021-07-25T15:54:55","guid":{"rendered":"https:\/\/anviet-group.vn\/contact-us"},"modified":"2021-09-06T09:16:32","modified_gmt":"2021-09-06T09:16:32","slug":"contact-us","status":"publish","type":"page","link":"https:\/\/anviet-group.vn\/en\/contact-us","title":{"rendered":"Contact Us"},"content":{"rendered":"<div role=\"form\" class=\"wpcf7\" id=\"wpcf7-f2271-o1\" lang=\"vi\" dir=\"ltr\">\n<div class=\"screen-reader-response\"><p role=\"status\" aria-live=\"polite\" aria-atomic=\"true\"><\/p> <ul><\/ul><\/div>\n<form action=\"\/en\/wp-json\/wp\/v2\/pages\/1570#wpcf7-f2271-o1\" method=\"post\" class=\"wpcf7-form init\" novalidate=\"novalidate\" data-status=\"init\">\n<div style=\"display: none;\">\n<input type=\"hidden\" name=\"_wpcf7\" value=\"2271\" \/>\n<input type=\"hidden\" name=\"_wpcf7_version\" value=\"5.4.2\" \/>\n<input type=\"hidden\" name=\"_wpcf7_locale\" value=\"vi\" \/>\n<input type=\"hidden\" name=\"_wpcf7_unit_tag\" value=\"wpcf7-f2271-o1\" \/>\n<input type=\"hidden\" name=\"_wpcf7_container_post\" value=\"0\" \/>\n<input type=\"hidden\" name=\"_wpcf7_posted_data_hash\" value=\"\" \/>\n<\/div>\n<div class=\"gd_contact_form\">\n<div class=\"gd_form__wrap\">\n<div class=\"hb_form_inner\">\n<div class=\"form-group hb_form_group_user\"><span class=\"wpcf7-form-control-wrap contact-name\"><input type=\"text\" name=\"contact-name\" value=\"\" size=\"40\" class=\"wpcf7-form-control wpcf7-text wpcf7-validates-as-required form-control\" aria-required=\"true\" aria-invalid=\"false\" placeholder=\"Name...\" \/><\/span><\/div>\n<div class=\"hb_form_group\">\n<div class=\"form-group hb_form_group_phone \"><span class=\"wpcf7-form-control-wrap contact-phone\"><input type=\"tel\" name=\"contact-phone\" value=\"\" size=\"40\" class=\"wpcf7-form-control wpcf7-text wpcf7-tel wpcf7-validates-as-required wpcf7-validates-as-tel form-control\" aria-required=\"true\" aria-invalid=\"false\" placeholder=\"Phone...\" \/><\/span><\/div>\n<div class=\"form-group hb_form_group_email \"><span class=\"wpcf7-form-control-wrap contact-mail\"><input type=\"email\" name=\"contact-mail\" value=\"\" size=\"40\" class=\"wpcf7-form-control wpcf7-text wpcf7-email wpcf7-validates-as-email form-control\" aria-invalid=\"false\" placeholder=\"Email...\" \/><\/span><\/div>\n<\/div>\n<div class=\"form-group hb_form_group_textarea_pen\"><span class=\"wpcf7-form-control-wrap contact-content\"><textarea name=\"contact-content\" cols=\"40\" rows=\"10\" class=\"wpcf7-form-control wpcf7-textarea form-control\" aria-invalid=\"false\" placeholder=\"Message...\"><\/textarea><\/span><\/div>\n<\/div>\n<div class=\"form-group gd_submit\"><input type=\"submit\" value=\"Send\" class=\"wpcf7-form-control wpcf7-submit btn order-submit\" \/><\/div>\n<\/div>\n<\/div>\n<div class=\"wpcf7-response-output\" aria-hidden=\"true\"><\/div><\/form><\/div>\n","protected":false},"excerpt":{"rendered":"","protected":false},"author":2,"featured_media":0,"parent":0,"menu_order":0,"comment_status":"closed","ping_status":"closed","template":"templates\/page-contact.php","meta":[],"yoast_head":"<!-- This site is optimized with the Yoast SEO plugin v16.7 - https:\/\/yoast.com\/wordpress\/plugins\/seo\/ -->\n<title>Contact Us - AnVi\u1ec7tGroup<\/title>\n<meta name=\"robots\" content=\"index, follow, max-snippet:-1, max-image-preview:large, max-video-preview:-1\" \/>\n<link rel=\"canonical\" href=\"https:\/\/anviet-group.vn\/en\/contact-us\" \/>\n<meta property=\"og:locale\" content=\"en_US\" \/>\n<meta property=\"og:type\" content=\"article\" \/>\n<meta property=\"og:title\" content=\"Contact Us - AnVi\u1ec7tGroup\" \/>\n<meta property=\"og:url\" content=\"https:\/\/anviet-group.vn\/en\/contact-us\" \/>\n<meta property=\"og:site_name\" content=\"AnVi\u1ec7tGroup\" \/>\n<meta property=\"article:publisher\" content=\"https:\/\/www.facebook.com\/anvietgroup2007\" \/>\n<meta property=\"article:modified_time\" content=\"2021-09-06T09:16:32+00:00\" \/>\n<meta property=\"og:image\" content=\"https:\/\/anviet-group.vn\/wp-content\/uploads\/2021\/06\/no-image.jpg\" \/>\n\t<meta property=\"og:image:width\" content=\"450\" \/>\n\t<meta property=\"og:image:height\" content=\"300\" \/>\n<meta name=\"twitter:card\" content=\"summary_large_image\" \/>\n<meta name=\"twitter:label1\" content=\"Est. reading time\" \/>\n\t<meta name=\"twitter:data1\" content=\"1 minute\" \/>\n<script type=\"application\/ld+json\" class=\"yoast-schema-graph\">{\"@context\":\"https:\/\/schema.org\",\"@graph\":[{\"@type\":\"Organization\",\"@id\":\"https:\/\/anviet-group.vn\/#organization\",\"name\":\"AnViet Group\",\"url\":\"https:\/\/anviet-group.vn\/\",\"sameAs\":[\"https:\/\/www.facebook.com\/anvietgroup2007\",\"https:\/\/www.youtube.com\/watch?v=rxk3Unc1V-8\"],\"logo\":{\"@type\":\"ImageObject\",\"@id\":\"https:\/\/anviet-group.vn\/#logo\",\"inLanguage\":\"en-US\",\"url\":\"https:\/\/anviet-group.vn\/wp-content\/uploads\/2021\/06\/no-image.jpg\",\"contentUrl\":\"https:\/\/anviet-group.vn\/wp-content\/uploads\/2021\/06\/no-image.jpg\",\"width\":450,\"height\":300,\"caption\":\"AnViet Group\"},\"image\":{\"@id\":\"https:\/\/anviet-group.vn\/#logo\"}},{\"@type\":\"WebSite\",\"@id\":\"https:\/\/anviet-group.vn\/#website\",\"url\":\"https:\/\/anviet-group.vn\/\",\"name\":\"AnVi\\u1ec7tGroup\",\"description\":\"T\\u1eadp \\u0111o\\u00e0n \\u0111\\u1ea7u t\\u01b0 \\u0111a l\\u0129nh v\\u1ef1c\",\"publisher\":{\"@id\":\"https:\/\/anviet-group.vn\/#organization\"},\"potentialAction\":[{\"@type\":\"SearchAction\",\"target\":{\"@type\":\"EntryPoint\",\"urlTemplate\":\"https:\/\/anviet-group.vn\/?s={search_term_string}\"},\"query-input\":\"required name=search_term_string\"}],\"inLanguage\":\"en-US\"},{\"@type\":\"WebPage\",\"@id\":\"https:\/\/anviet-group.vn\/en\/contact-us#webpage\",\"url\":\"https:\/\/anviet-group.vn\/en\/contact-us\",\"name\":\"Contact Us - AnVi\\u1ec7tGroup\",\"isPartOf\":{\"@id\":\"https:\/\/anviet-group.vn\/#website\"},\"datePublished\":\"2021-07-25T15:54:55+00:00\",\"dateModified\":\"2021-09-06T09:16:32+00:00\",\"breadcrumb\":{\"@id\":\"https:\/\/anviet-group.vn\/en\/contact-us#breadcrumb\"},\"inLanguage\":\"en-US\",\"potentialAction\":[{\"@type\":\"ReadAction\",\"target\":[\"https:\/\/anviet-group.vn\/en\/contact-us\"]}]},{\"@type\":\"BreadcrumbList\",\"@id\":\"https:\/\/anviet-group.vn\/en\/contact-us#breadcrumb\",\"itemListElement\":[{\"@type\":\"ListItem\",\"position\":1,\"name\":\"Home\",\"item\":\"https:\/\/anviet-group.vn\/en\"},{\"@type\":\"ListItem\",\"position\":2,\"name\":\"Contact Us\"}]}]}<\/script>\n<!-- \/ Yoast SEO plugin. -->","yoast_head_json":{"title":"Contact Us - AnVi\u1ec7tGroup","robots":{"index":"index","follow":"follow","max-snippet":"max-snippet:-1","max-image-preview":"max-image-preview:large","max-video-preview":"max-video-preview:-1"},"canonical":"https:\/\/anviet-group.vn\/en\/contact-us","og_locale":"en_US","og_type":"article","og_title":"Contact Us - AnVi\u1ec7tGroup","og_url":"https:\/\/anviet-group.vn\/en\/contact-us","og_site_name":"AnVi\u1ec7tGroup","article_publisher":"https:\/\/www.facebook.com\/anvietgroup2007","article_modified_time":"2021-09-06T09:16:32+00:00","og_image":[{"width":450,"height":300,"url":"https:\/\/anviet-group.vn\/wp-content\/uploads\/2021\/06\/no-image.jpg","path":"\/home\/nhanvrex\/public_html\/wp-content\/uploads\/2021\/06\/no-image.jpg","size":"full","id":266,"alt":"","pixels":135000,"type":"image\/jpeg"}],"twitter_card":"summary_large_image","twitter_misc":{"Est. reading time":"1 minute"},"schema":{"@context":"https:\/\/schema.org","@graph":[{"@type":"Organization","@id":"https:\/\/anviet-group.vn\/#organization","name":"AnViet Group","url":"https:\/\/anviet-group.vn\/","sameAs":["https:\/\/www.facebook.com\/anvietgroup2007","https:\/\/www.youtube.com\/watch?v=rxk3Unc1V-8"],"logo":{"@type":"ImageObject","@id":"https:\/\/anviet-group.vn\/#logo","inLanguage":"en-US","url":"https:\/\/anviet-group.vn\/wp-content\/uploads\/2021\/06\/no-image.jpg","contentUrl":"https:\/\/anviet-group.vn\/wp-content\/uploads\/2021\/06\/no-image.jpg","width":450,"height":300,"caption":"AnViet Group"},"image":{"@id":"https:\/\/anviet-group.vn\/#logo"}},{"@type":"WebSite","@id":"https:\/\/anviet-group.vn\/#website","url":"https:\/\/anviet-group.vn\/","name":"AnVi\u1ec7tGroup","description":"T\u1eadp \u0111o\u00e0n \u0111\u1ea7u t\u01b0 \u0111a l\u0129nh v\u1ef1c","publisher":{"@id":"https:\/\/anviet-group.vn\/#organization"},"potentialAction":[{"@type":"SearchAction","target":{"@type":"EntryPoint","urlTemplate":"https:\/\/anviet-group.vn\/?s={search_term_string}"},"query-input":"required name=search_term_string"}],"inLanguage":"en-US"},{"@type":"WebPage","@id":"https:\/\/anviet-group.vn\/en\/contact-us#webpage","url":"https:\/\/anviet-group.vn\/en\/contact-us","name":"Contact Us - AnVi\u1ec7tGroup","isPartOf":{"@id":"https:\/\/anviet-group.vn\/#website"},"datePublished":"2021-07-25T15:54:55+00:00","dateModified":"2021-09-06T09:16:32+00:00","breadcrumb":{"@id":"https:\/\/anviet-group.vn\/en\/contact-us#breadcrumb"},"inLanguage":"en-US","potentialAction":[{"@type":"ReadAction","target":["https:\/\/anviet-group.vn\/en\/contact-us"]}]},{"@type":"BreadcrumbList","@id":"https:\/\/anviet-group.vn\/en\/contact-us#breadcrumb","itemListElement":[{"@type":"ListItem","position":1,"name":"Home","item":"https:\/\/anviet-group.vn\/en"},{"@type":"ListItem","position":2,"name":"Contact Us"}]}]}},"_links":{"self":[{"href":"https:\/\/anviet-group.vn\/en\/wp-json\/wp\/v2\/pages\/1570"}],"collection":[{"href":"https:\/\/anviet-group.vn\/en\/wp-json\/wp\/v2\/pages"}],"about":[{"href":"https:\/\/anviet-group.vn\/en\/wp-json\/wp\/v2\/types\/page"}],"author":[{"embeddable":true,"href":"https:\/\/anviet-group.vn\/en\/wp-json\/wp\/v2\/users\/2"}],"replies":[{"embeddable":true,"href":"https:\/\/anviet-group.vn\/en\/wp-json\/wp\/v2\/comments?post=1570"}],"version-history":[{"count":2,"href":"https:\/\/anviet-group.vn\/en\/wp-json\/wp\/v2\/pages\/1570\/revisions"}],"predecessor-version":[{"id":2272,"href":"https:\/\/anviet-group.vn\/en\/wp-json\/wp\/v2\/pages\/1570\/revisions\/2272"}],"wp:attachment":[{"href":"https:\/\/anviet-group.vn\/en\/wp-json\/wp\/v2\/media?parent=1570"}],"curies":[{"name":"wp","href":"https:\/\/api.w.org\/{rel}","templated":true}]}}